{"id":1596,"date":"2025-09-06T22:45:30","date_gmt":"2025-09-06T20:45:30","guid":{"rendered":"https:\/\/adrienmoulard.com\/?page_id=1596"},"modified":"2025-09-06T23:03:09","modified_gmt":"2025-09-06T21:03:09","slug":"hypnosis-en-espanol-en-paris-y-online","status":"publish","type":"page","link":"https:\/\/adrienmoulard.com\/index.php\/hypnosis-en-espanol-en-paris-y-online\/","title":{"rendered":"Hypnosis en espa\u00f1ol, en Paris y online"},"content":{"rendered":"\t\t<div data-elementor-type=\"wp-post\" data-elementor-id=\"1596\" class=\"elementor elementor-1596\" data-elementor-settings=\"{&quot;ha_cmc_init_switcher&quot;:&quot;no&quot;}\" data-elementor-post-type=\"page\">\n\t\t\t\t<div class=\"elementor-element elementor-element-136e4d9 e-flex e-con-boxed e-con e-parent\" data-id=\"136e4d9\" data-element_type=\"container\" data-e-type=\"container\" data-settings=\"{&quot;background_background&quot;:&quot;classic&quot;,&quot;_ha_eqh_enable&quot;:false}\">\n\t\t\t\t\t<div class=\"e-con-inner\">\n\t\t\t\t<div class=\"elementor-element elementor-element-fb3f51d elementor-widget elementor-widget-heading\" data-id=\"fb3f51d\" data-element_type=\"widget\" data-e-type=\"widget\" data-widget_type=\"heading.default\">\n\t\t\t\t<div class=\"elementor-widget-container\">\n\t\t\t\t\t<h2 class=\"elementor-heading-title elementor-size-default\">Hypnosis en espa\u00f1ol, en Paris &amp; online<\/h2>\t\t\t\t<\/div>\n\t\t\t\t<\/div>\n\t\t\t\t\t<\/div>\n\t\t\t\t<\/div>\n\t\t<div class=\"elementor-element elementor-element-a0d9d23 e-flex e-con-boxed e-con e-parent\" data-id=\"a0d9d23\" data-element_type=\"container\" data-e-type=\"container\" data-settings=\"{&quot;background_background&quot;:&quot;classic&quot;,&quot;_ha_eqh_enable&quot;:false}\">\n\t\t\t\t\t<div class=\"e-con-inner\">\n\t\t<div class=\"elementor-element elementor-element-3c852b5 e-con-full e-flex e-con e-child\" data-id=\"3c852b5\" data-element_type=\"container\" data-e-type=\"container\" data-settings=\"{&quot;_ha_eqh_enable&quot;:false}\">\n\t\t<div class=\"elementor-element elementor-element-7c58d13 e-con-full e-flex e-con e-child\" data-id=\"7c58d13\" data-element_type=\"container\" data-e-type=\"container\" data-settings=\"{&quot;_ha_eqh_enable&quot;:false}\">\n\t\t\t\t<div class=\"elementor-element elementor-element-82c99ae ha-has-bg-overlay elementor-widget elementor-widget-image\" data-id=\"82c99ae\" data-element_type=\"widget\" data-e-type=\"widget\" data-widget_type=\"image.default\">\n\t\t\t\t<div class=\"elementor-widget-container\">\n\t\t\t\t\t\t\t\t\t\t\t\t\t\t\t<img fetchpriority=\"high\" decoding=\"async\" width=\"393\" height=\"484\" src=\"https:\/\/adrienmoulard.com\/wp-content\/uploads\/2023\/12\/Calque-6.png\" class=\"attachment-large size-large wp-image-916\" alt=\"\" srcset=\"https:\/\/adrienmoulard.com\/wp-content\/uploads\/2023\/12\/Calque-6.png 393w, https:\/\/adrienmoulard.com\/wp-content\/uploads\/2023\/12\/Calque-6-244x300.png 244w\" sizes=\"(max-width: 393px) 100vw, 393px\" \/>\t\t\t\t\t\t\t\t\t\t\t\t\t\t\t<\/div>\n\t\t\t\t<\/div>\n\t\t\t\t<div class=\"elementor-element elementor-element-c233f04 elementor-widget elementor-widget-ha-creative-button happy-addon ha-creative-button\" data-id=\"c233f04\" data-element_type=\"widget\" data-e-type=\"widget\" data-widget_type=\"ha-creative-button.default\">\n\t\t\t\t<div class=\"elementor-widget-container\">\n\t\t\t\t\t\t\t<div data-magnetic=\"no\" class=\"ha-creative-btn-wrap\">\n\t\t\t<a class=\"ha-creative-btn ha-stl--hermosa ha-eft--render\" href=\"https:\/\/calendly.com\/moulard-adrien\" rel=\"nofollow\"><span>Reserva tu llamada gratuita<\/span><\/a>\n\t\t<\/div>\t\t\t\t<\/div>\n\t\t\t\t<\/div>\n\t\t\t\t<\/div>\n\t\t\t\t<\/div>\n\t\t<div class=\"elementor-element elementor-element-df85025 e-flex e-con-boxed e-con e-child\" data-id=\"df85025\" data-element_type=\"container\" data-e-type=\"container\" data-settings=\"{&quot;_ha_eqh_enable&quot;:false}\">\n\t\t\t\t\t<div class=\"e-con-inner\">\n\t\t\t\t<div class=\"elementor-element elementor-element-646a93f elementor-widget elementor-widget-heading\" data-id=\"646a93f\" data-element_type=\"widget\" data-e-type=\"widget\" data-widget_type=\"heading.default\">\n\t\t\t\t<div class=\"elementor-widget-container\">\n\t\t\t\t\t<h2 class=\"elementor-heading-title elementor-size-default\">Hipnoterapia para superar el estr\u00e9s, la ansiedad, los problemas de sue\u00f1o y otros h\u00e1bitos no deseados<\/h2>\t\t\t\t<\/div>\n\t\t\t\t<\/div>\n\t\t\t\t<div class=\"elementor-element elementor-element-63e6bc3 elementor-widget elementor-widget-text-editor\" data-id=\"63e6bc3\" data-element_type=\"widget\" data-e-type=\"widget\" data-widget_type=\"text-editor.default\">\n\t\t\t\t<div class=\"elementor-widget-container\">\n\t\t\t\t\t\t\t\t\t<p>Recupera la calma, la confianza y la energ\u00eda mediante sesiones de hipnosis personalizadas.<\/p><p>Disponible en franc\u00e9s, espa\u00f1ol e ingl\u00e9s, tanto presencialmente <a href=\"https:\/\/share.google\/1KSrYjWwOryvvIK5G\">en Par\u00eds<\/a> como en l\u00ednea.<\/p>\t\t\t\t\t\t\t\t<\/div>\n\t\t\t\t<\/div>\n\t\t<div class=\"elementor-element elementor-element-0d56f4d e-flex e-con-boxed e-con e-child\" data-id=\"0d56f4d\" data-element_type=\"container\" data-e-type=\"container\" data-settings=\"{&quot;background_background&quot;:&quot;classic&quot;,&quot;_ha_eqh_enable&quot;:false}\">\n\t\t\t\t\t<div class=\"e-con-inner\">\n\t\t\t\t<div class=\"elementor-element elementor-element-2defaf2 elementor-widget elementor-widget-heading\" data-id=\"2defaf2\" data-element_type=\"widget\" data-e-type=\"widget\" data-widget_type=\"heading.default\">\n\t\t\t\t<div class=\"elementor-widget-container\">\n\t\t\t\t\t<h2 class=\"elementor-heading-title elementor-size-default\">Hipnoterapeuta franc\u00f3fono que habla espa\u00f1ol<\/h2>\t\t\t\t<\/div>\n\t\t\t\t<\/div>\n\t\t\t\t\t<\/div>\n\t\t\t\t<\/div>\n\t\t<div class=\"elementor-element elementor-element-e201287 e-flex e-con-boxed e-con e-child\" data-id=\"e201287\" data-element_type=\"container\" data-e-type=\"container\" data-settings=\"{&quot;background_background&quot;:&quot;classic&quot;,&quot;_ha_eqh_enable&quot;:false}\">\n\t\t\t\t\t<div class=\"e-con-inner\">\n\t\t\t\t<div class=\"elementor-element elementor-element-34f181e elementor-widget elementor-widget-text-editor\" data-id=\"34f181e\" data-element_type=\"widget\" data-e-type=\"widget\" data-widget_type=\"text-editor.default\">\n\t\t\t\t<div class=\"elementor-widget-container\">\n\t\t\t\t\t\t\t\t\t<p data-start=\"193\" data-end=\"431\">Siempre me han apasionado los idiomas. Al mismo tiempo que descubr\u00ed la hipnosis, emprend\u00ed un viaje por las Am\u00e9ricas \u2014principalmente M\u00e9xico, Nicaragua y Colombia\u2014 donde aprend\u00ed espa\u00f1ol mientras profundizaba en la pr\u00e1ctica de la hipnosis.<\/p><p data-start=\"433\" data-end=\"630\">Hoy ofrezco sesiones en franc\u00e9s, espa\u00f1ol e ingl\u00e9s, ya sea en Par\u00eds o en l\u00ednea, con un enfoque adaptado a cada persona para manejar el estr\u00e9s, la ansiedad, los problemas de sue\u00f1o y otros desaf\u00edos.<\/p>\t\t\t\t\t\t\t\t<\/div>\n\t\t\t\t<\/div>\n\t\t\t\t\t<\/div>\n\t\t\t\t<\/div>\n\t\t\t\t\t<\/div>\n\t\t\t\t<\/div>\n\t\t\t\t\t<\/div>\n\t\t\t\t<\/div>\n\t\t<div class=\"elementor-element elementor-element-945e57e e-flex e-con-boxed e-con e-parent\" data-id=\"945e57e\" data-element_type=\"container\" data-e-type=\"container\" data-settings=\"{&quot;background_background&quot;:&quot;classic&quot;,&quot;_ha_eqh_enable&quot;:false}\">\n\t\t\t\t\t<div class=\"e-con-inner\">\n\t\t\t\t<div class=\"elementor-element elementor-element-f692f86 elementor-widget elementor-widget-heading\" data-id=\"f692f86\" data-element_type=\"widget\" data-e-type=\"widget\" id=\"entreprises\" data-widget_type=\"heading.default\">\n\t\t\t\t<div class=\"elementor-widget-container\">\n\t\t\t\t\t<h2 class=\"elementor-heading-title elementor-size-default\">Servicios de hipnoterapia<\/h2>\t\t\t\t<\/div>\n\t\t\t\t<\/div>\n\t\t\t\t<div class=\"elementor-element elementor-element-e1b8b70 elementor-widget elementor-widget-heading\" data-id=\"e1b8b70\" data-element_type=\"widget\" data-e-type=\"widget\" data-widget_type=\"heading.default\">\n\t\t\t\t<div class=\"elementor-widget-container\">\n\t\t\t\t\t<h3 class=\"elementor-heading-title elementor-size-default\">En qu\u00e9 puedo ayudarte<\/h3>\t\t\t\t<\/div>\n\t\t\t\t<\/div>\n\t\t\t\t<div class=\"elementor-element elementor-element-a50c604 elementor-widget elementor-widget-text-editor\" data-id=\"a50c604\" data-element_type=\"widget\" data-e-type=\"widget\" data-widget_type=\"text-editor.default\">\n\t\t\t\t<div class=\"elementor-widget-container\">\n\t\t\t\t\t\t\t\t\t<p>Cada sesi\u00f3n de hipnosis est\u00e1 adaptada a tu situaci\u00f3n, necesidades y personalidad.<\/p><p>Puede ayudarte con conductas, emociones o pensamientos no deseados.<\/p><p>Especializado en autohipnosis, trabajamos juntos para generar un cambio duradero, por ejemplo: reducir el estr\u00e9s, mejorar el sue\u00f1o, romper un h\u00e1bito o apoyar a tu hijo\/a.<\/p>\t\t\t\t\t\t\t\t<\/div>\n\t\t\t\t<\/div>\n\t\t\t\t<div class=\"elementor-element elementor-element-bb5838c elementor-widget elementor-widget-heading\" data-id=\"bb5838c\" data-element_type=\"widget\" data-e-type=\"widget\" data-widget_type=\"heading.default\">\n\t\t\t\t<div class=\"elementor-widget-container\">\n\t\t\t\t\t<h3 class=\"elementor-heading-title elementor-size-default\">Servicios<\/h3>\t\t\t\t<\/div>\n\t\t\t\t<\/div>\n\t\t\t\t<div class=\"elementor-element elementor-element-13e8315 elementor-widget elementor-widget-heading\" data-id=\"13e8315\" data-element_type=\"widget\" data-e-type=\"widget\" data-widget_type=\"heading.default\">\n\t\t\t\t<div class=\"elementor-widget-container\">\n\t\t\t\t\t<h4 class=\"elementor-heading-title elementor-size-default\">Estr\u00e9s, ansiedad y fobias<\/h4>\t\t\t\t<\/div>\n\t\t\t\t<\/div>\n\t\t\t\t<div class=\"elementor-element elementor-element-d84764f elementor-widget elementor-widget-text-editor\" data-id=\"d84764f\" data-element_type=\"widget\" data-e-type=\"widget\" data-widget_type=\"text-editor.default\">\n\t\t\t\t<div class=\"elementor-widget-container\">\n\t\t\t\t\t\t\t\t\t<p>Aprende a gestionar el estr\u00e9s y disminuir la ansiedad e incluso ataques de p\u00e1nico con t\u00e9cnicas pr\u00e1cticas de hipnosis que te ayudan a mantener la calma y la confianza para disfrutar m\u00e1s de la vida.<\/p>\t\t\t\t\t\t\t\t<\/div>\n\t\t\t\t<\/div>\n\t\t\t\t<div class=\"elementor-element elementor-element-0fa4866 elementor-widget elementor-widget-heading\" data-id=\"0fa4866\" data-element_type=\"widget\" data-e-type=\"widget\" data-widget_type=\"heading.default\">\n\t\t\t\t<div class=\"elementor-widget-container\">\n\t\t\t\t\t<h4 class=\"elementor-heading-title elementor-size-default\">Problemas de sue\u00f1o<\/h4>\t\t\t\t<\/div>\n\t\t\t\t<\/div>\n\t\t\t\t<div class=\"elementor-element elementor-element-c48d749 elementor-widget elementor-widget-text-editor\" data-id=\"c48d749\" data-element_type=\"widget\" data-e-type=\"widget\" data-widget_type=\"text-editor.default\">\n\t\t\t\t<div class=\"elementor-widget-container\">\n\t\t\t\t\t\t\t\t\t<p>Restablece patrones de sue\u00f1o naturales y reparadores, y despierta sinti\u00e9ndote renovado y con energ\u00eda.<\/p>\t\t\t\t\t\t\t\t<\/div>\n\t\t\t\t<\/div>\n\t\t\t\t<div class=\"elementor-element elementor-element-e214a9d elementor-widget elementor-widget-heading\" data-id=\"e214a9d\" data-element_type=\"widget\" data-e-type=\"widget\" data-widget_type=\"heading.default\">\n\t\t\t\t<div class=\"elementor-widget-container\">\n\t\t\t\t\t<h4 class=\"elementor-heading-title elementor-size-default\">Fumar y adicciones<\/h4>\t\t\t\t<\/div>\n\t\t\t\t<\/div>\n\t\t\t\t<div class=\"elementor-element elementor-element-34309f9 elementor-widget elementor-widget-text-editor\" data-id=\"34309f9\" data-element_type=\"widget\" data-e-type=\"widget\" data-widget_type=\"text-editor.default\">\n\t\t\t\t<div class=\"elementor-widget-container\">\n\t\t\t\t\t\t\t\t\t<p>Lib\u00e9rate de h\u00e1bitos no deseados como fumar o comer compulsivamente, con una gu\u00eda personalizada y de apoyo.<\/p>\t\t\t\t\t\t\t\t<\/div>\n\t\t\t\t<\/div>\n\t\t\t\t<div class=\"elementor-element elementor-element-89a1393 elementor-widget elementor-widget-heading\" data-id=\"89a1393\" data-element_type=\"widget\" data-e-type=\"widget\" data-widget_type=\"heading.default\">\n\t\t\t\t<div class=\"elementor-widget-container\">\n\t\t\t\t\t<h4 class=\"elementor-heading-title elementor-size-default\">Ni\u00f1os y adolescentes<\/h4>\t\t\t\t<\/div>\n\t\t\t\t<\/div>\n\t\t\t\t<div class=\"elementor-element elementor-element-2c93c2c elementor-widget elementor-widget-text-editor\" data-id=\"2c93c2c\" data-element_type=\"widget\" data-e-type=\"widget\" data-widget_type=\"text-editor.default\">\n\t\t\t\t<div class=\"elementor-widget-container\">\n\t\t\t\t\t\t\t\t\t<p data-start=\"978\" data-end=\"1129\">Sesiones suaves y adecuadas para su edad, que ayudan a superar miedos, dificultades para dormir y desaf\u00edos emocionales.<\/p>\t\t\t\t\t\t\t\t<\/div>\n\t\t\t\t<\/div>\n\t\t\t\t<div class=\"elementor-element elementor-element-f4bc03e elementor-widget elementor-widget-heading\" data-id=\"f4bc03e\" data-element_type=\"widget\" data-e-type=\"widget\" data-widget_type=\"heading.default\">\n\t\t\t\t<div class=\"elementor-widget-container\">\n\t\t\t\t\t<h4 class=\"elementor-heading-title elementor-size-default\">Auto-hipnosis<\/h4>\t\t\t\t<\/div>\n\t\t\t\t<\/div>\n\t\t\t\t<div class=\"elementor-element elementor-element-37c1870 elementor-widget elementor-widget-text-editor\" data-id=\"37c1870\" data-element_type=\"widget\" data-e-type=\"widget\" data-widget_type=\"text-editor.default\">\n\t\t\t\t<div class=\"elementor-widget-container\">\n\t\t\t\t\t\t\t\t\t<p data-start=\"978\" data-end=\"1129\">Aprende a practicar hipnosis por ti mismo\/a para seguir construyendo cambios positivos todos los d\u00edas.<\/p>\t\t\t\t\t\t\t\t<\/div>\n\t\t\t\t<\/div>\n\t\t\t\t<div class=\"elementor-element elementor-element-2d2edb5 elementor-widget elementor-widget-text-editor\" data-id=\"2d2edb5\" data-element_type=\"widget\" data-e-type=\"widget\" data-widget_type=\"text-editor.default\">\n\t\t\t\t<div class=\"elementor-widget-container\">\n\t\t\t\t\t\t\t\t\t<p data-start=\"165\" data-end=\"321\">\u26a0\ufe0f<strong data-start=\"2435\" data-end=\"2479\">Descargo de responsabilidad<\/strong><\/p><p data-start=\"2481\" data-end=\"2954\">La hipnoterapia <strong data-start=\"2497\" data-end=\"2513\">no sustituye<\/strong> la atenci\u00f3n m\u00e9dica. Est\u00e1 pensada para complementar \u2014no reemplazar\u2014 el apoyo profesional de salud.<br data-start=\"2611\" data-end=\"2614\" \/>Si est\u00e1s bajo supervisi\u00f3n m\u00e9dica, te animo a informar a tu m\u00e9dico sobre tu intenci\u00f3n de consultarme. Cuando sea posible, estar\u00e9 encantado de coordinar con tu profesional de salud para que trabajemos juntos en tu beneficio.<br data-start=\"2836\" data-end=\"2839\" \/>Esto es especialmente importante en casos de dolor f\u00edsico o dificultades emocionales o psicol\u00f3gicas significativas.<\/p>\t\t\t\t\t\t\t\t<\/div>\n\t\t\t\t<\/div>\n\t\t\t\t\t<\/div>\n\t\t\t\t<\/div>\n\t\t<div class=\"elementor-element elementor-element-68e8fb1 e-con-full e-flex e-con e-parent\" data-id=\"68e8fb1\" data-element_type=\"container\" data-e-type=\"container\" data-settings=\"{&quot;_ha_eqh_enable&quot;:false}\">\n\t\t<div class=\"elementor-element elementor-element-c846123 e-con-full e-flex e-con e-child\" data-id=\"c846123\" data-element_type=\"container\" data-e-type=\"container\" data-settings=\"{&quot;background_background&quot;:&quot;classic&quot;,&quot;_ha_eqh_enable&quot;:false}\">\n\t\t\t\t<div class=\"elementor-element elementor-element-de774dd elementor-widget-divider--view-line elementor-widget elementor-widget-divider\" data-id=\"de774dd\" data-element_type=\"widget\" data-e-type=\"widget\" data-widget_type=\"divider.default\">\n\t\t\t\t<div class=\"elementor-widget-container\">\n\t\t\t\t\t\t\t<div class=\"elementor-divider\">\n\t\t\t<span class=\"elementor-divider-separator\">\n\t\t\t\t\t\t<\/span>\n\t\t<\/div>\n\t\t\t\t\t\t<\/div>\n\t\t\t\t<\/div>\n\t\t<div class=\"elementor-element elementor-element-b8117a6 e-flex e-con-boxed e-con e-child\" data-id=\"b8117a6\" data-element_type=\"container\" data-e-type=\"container\" data-settings=\"{&quot;background_background&quot;:&quot;classic&quot;,&quot;_ha_eqh_enable&quot;:false}\">\n\t\t\t\t\t<div class=\"e-con-inner\">\n\t\t\t\t<div class=\"elementor-element elementor-element-1980c66 elementor-widget elementor-widget-heading\" data-id=\"1980c66\" data-element_type=\"widget\" data-e-type=\"widget\" data-widget_type=\"heading.default\">\n\t\t\t\t<div class=\"elementor-widget-container\">\n\t\t\t\t\t<h1 class=\"elementor-heading-title elementor-size-default\">\u00bfLISTO PARA INICIAR TU CAMINO?<\/h1>\t\t\t\t<\/div>\n\t\t\t\t<\/div>\n\t\t\t\t<div class=\"elementor-element elementor-element-7437af4 elementor-align-center elementor-widget elementor-widget-button\" data-id=\"7437af4\" data-element_type=\"widget\" data-e-type=\"widget\" data-widget_type=\"button.default\">\n\t\t\t\t<div class=\"elementor-widget-container\">\n\t\t\t\t\t\t\t\t\t<div class=\"elementor-button-wrapper\">\n\t\t\t\t\t<a class=\"elementor-button elementor-button-link elementor-size-sm\" href=\"https:\/\/calendly.com\/moulard-adrien\">\n\t\t\t\t\t\t<span class=\"elementor-button-content-wrapper\">\n\t\t\t\t\t\t\t\t\t<span class=\"elementor-button-text\">Reserva una consulta informativa gratuita<\/span>\n\t\t\t\t\t<\/span>\n\t\t\t\t\t<\/a>\n\t\t\t\t<\/div>\n\t\t\t\t\t\t\t\t<\/div>\n\t\t\t\t<\/div>\n\t\t\t\t\t<\/div>\n\t\t\t\t<\/div>\n\t\t\t\t<\/div>\n\t\t\t\t<\/div>\n\t\t<div class=\"elementor-element elementor-element-708ff96 e-flex e-con-boxed e-con e-parent\" data-id=\"708ff96\" data-element_type=\"container\" data-e-type=\"container\" data-settings=\"{&quot;background_background&quot;:&quot;classic&quot;,&quot;_ha_eqh_enable&quot;:false}\">\n\t\t\t\t\t<div class=\"e-con-inner\">\n\t\t<div class=\"elementor-element elementor-element-54b2b76 e-con-full e-flex e-con e-child\" data-id=\"54b2b76\" data-element_type=\"container\" data-e-type=\"container\" data-settings=\"{&quot;_ha_eqh_enable&quot;:false}\">\n\t\t\t\t<div class=\"elementor-element elementor-element-3c6040a ha-has-bg-overlay elementor-widget elementor-widget-image\" data-id=\"3c6040a\" data-element_type=\"widget\" data-e-type=\"widget\" data-widget_type=\"image.default\">\n\t\t\t\t<div class=\"elementor-widget-container\">\n\t\t\t\t\t\t\t\t\t\t\t\t\t\t\t<img decoding=\"async\" width=\"413\" height=\"509\" src=\"https:\/\/adrienmoulard.com\/wp-content\/uploads\/2024\/01\/adrien.png\" class=\"attachment-large size-large wp-image-1139\" alt=\"\" srcset=\"https:\/\/adrienmoulard.com\/wp-content\/uploads\/2024\/01\/adrien.png 413w, https:\/\/adrienmoulard.com\/wp-content\/uploads\/2024\/01\/adrien-243x300.png 243w\" sizes=\"(max-width: 413px) 100vw, 413px\" \/>\t\t\t\t\t\t\t\t\t\t\t\t\t\t\t<\/div>\n\t\t\t\t<\/div>\n\t\t\t\t<\/div>\n\t\t<div class=\"elementor-element elementor-element-78f4b3a e-flex e-con-boxed e-con e-child\" data-id=\"78f4b3a\" data-element_type=\"container\" data-e-type=\"container\" data-settings=\"{&quot;_ha_eqh_enable&quot;:false}\">\n\t\t\t\t\t<div class=\"e-con-inner\">\n\t\t\t\t<div class=\"elementor-element elementor-element-7d786f8 elementor-widget elementor-widget-heading\" data-id=\"7d786f8\" data-element_type=\"widget\" data-e-type=\"widget\" data-widget_type=\"heading.default\">\n\t\t\t\t<div class=\"elementor-widget-container\">\n\t\t\t\t\t<h2 class=\"elementor-heading-title elementor-size-default\">Adrien\nMoulard<\/h2>\t\t\t\t<\/div>\n\t\t\t\t<\/div>\n\t\t\t\t<div class=\"elementor-element elementor-element-2098acc elementor-widget elementor-widget-text-editor\" data-id=\"2098acc\" data-element_type=\"widget\" data-e-type=\"widget\" data-widget_type=\"text-editor.default\">\n\t\t\t\t<div class=\"elementor-widget-container\">\n\t\t\t\t\t\t\t\t\t<p>Soy <strong>hipn\u00f3logo<\/strong>: investigo la hipnosis y la aplico en tres \u00e1reas: <strong>hipnoterapia, empresa y experiencias creativas<\/strong>. Ofrezco sesiones en franc\u00e9s, ingl\u00e9s y espa\u00f1ol, tanto en persona como en l\u00ednea<\/p>\t\t\t\t\t\t\t\t<\/div>\n\t\t\t\t<\/div>\n\t\t\t\t<div class=\"elementor-element elementor-element-887b8be elementor-shape-circle e-grid-align-left elementor-grid-0 elementor-widget elementor-widget-social-icons\" data-id=\"887b8be\" data-element_type=\"widget\" data-e-type=\"widget\" data-widget_type=\"social-icons.default\">\n\t\t\t\t<div class=\"elementor-widget-container\">\n\t\t\t\t\t\t\t<div class=\"elementor-social-icons-wrapper elementor-grid\" role=\"list\">\n\t\t\t\t\t\t\t<span class=\"elementor-grid-item\" role=\"listitem\">\n\t\t\t\t\t<a class=\"elementor-icon elementor-social-icon elementor-social-icon-facebook elementor-repeater-item-22891ac\" href=\"https:\/\/www.facebook.com\/adrienmoulardpro\" target=\"_blank\">\n\t\t\t\t\t\t<span class=\"elementor-screen-only\">Facebook<\/span>\n\t\t\t\t\t\t<i aria-hidden=\"true\" class=\"fab fa-facebook\"><\/i>\t\t\t\t\t<\/a>\n\t\t\t\t<\/span>\n\t\t\t\t\t\t\t<span class=\"elementor-grid-item\" role=\"listitem\">\n\t\t\t\t\t<a class=\"elementor-icon elementor-social-icon elementor-social-icon-instagram elementor-repeater-item-a36b0c3\" target=\"_blank\">\n\t\t\t\t\t\t<span class=\"elementor-screen-only\">Instagram<\/span>\n\t\t\t\t\t\t<i aria-hidden=\"true\" class=\"fab fa-instagram\"><\/i>\t\t\t\t\t<\/a>\n\t\t\t\t<\/span>\n\t\t\t\t\t\t\t<span class=\"elementor-grid-item\" role=\"listitem\">\n\t\t\t\t\t<a class=\"elementor-icon elementor-social-icon elementor-social-icon-linkedin elementor-repeater-item-0bb1ee7\" href=\"https:\/\/www.linkedin.com\/in\/adrien-moulard-04801048\/\" target=\"_blank\">\n\t\t\t\t\t\t<span class=\"elementor-screen-only\">Linkedin<\/span>\n\t\t\t\t\t\t<i aria-hidden=\"true\" class=\"fab fa-linkedin\"><\/i>\t\t\t\t\t<\/a>\n\t\t\t\t<\/span>\n\t\t\t\t\t<\/div>\n\t\t\t\t\t\t<\/div>\n\t\t\t\t<\/div>\n\t\t\t\t\t<\/div>\n\t\t\t\t<\/div>\n\t\t\t\t\t<\/div>\n\t\t\t\t<\/div>\n\t\t\t\t<\/div>\n\t\t","protected":false},"excerpt":{"rendered":"<p>Hypnosis en espa\u00f1ol, en Paris &amp; online Reserva tu llamada gratuita Hipnoterapia para superar el estr\u00e9s, la ansiedad, los problemas de sue\u00f1o y otros h\u00e1bitos no deseados Recupera la calma, la confianza y la energ\u00eda mediante sesiones de hipnosis personalizadas. Disponible en franc\u00e9s, espa\u00f1ol e ingl\u00e9s, tanto presencialmente en Par\u00eds como en l\u00ednea. Hipnoterapeuta franc\u00f3fono [&hellip;]<\/p>\n","protected":false},"author":2,"featured_media":0,"parent":0,"menu_order":0,"comment_status":"closed","ping_status":"closed","template":"","meta":{"footnotes":""},"class_list":["post-1596","page","type-page","status-publish","hentry"],"_links":{"self":[{"href":"https:\/\/adrienmoulard.com\/index.php\/wp-json\/wp\/v2\/pages\/1596","targetHints":{"allow":["GET"]}}],"collection":[{"href":"https:\/\/adrienmoulard.com\/index.php\/wp-json\/wp\/v2\/pages"}],"about":[{"href":"https:\/\/adrienmoulard.com\/index.php\/wp-json\/wp\/v2\/types\/page"}],"author":[{"embeddable":true,"href":"https:\/\/adrienmoulard.com\/index.php\/wp-json\/wp\/v2\/users\/2"}],"replies":[{"embeddable":true,"href":"https:\/\/adrienmoulard.com\/index.php\/wp-json\/wp\/v2\/comments?post=1596"}],"version-history":[{"count":7,"href":"https:\/\/adrienmoulard.com\/index.php\/wp-json\/wp\/v2\/pages\/1596\/revisions"}],"predecessor-version":[{"id":1605,"href":"https:\/\/adrienmoulard.com\/index.php\/wp-json\/wp\/v2\/pages\/1596\/revisions\/1605"}],"wp:attachment":[{"href":"https:\/\/adrienmoulard.com\/index.php\/wp-json\/wp\/v2\/media?parent=1596"}],"curies":[{"name":"wp","href":"https:\/\/api.w.org\/{rel}","templated":true}]}}