{"id":1559,"date":"2025-09-06T15:00:16","date_gmt":"2025-09-06T13:00:16","guid":{"rendered":"https:\/\/adrienmoulard.com\/?page_id=1559"},"modified":"2025-10-13T10:35:43","modified_gmt":"2025-10-13T08:35:43","slug":"rdv-bien-etre-performance-pro","status":"publish","type":"page","link":"https:\/\/adrienmoulard.com\/index.php\/rdv-bien-etre-performance-pro\/","title":{"rendered":"Rdvs du bien-\u00eatre et de la performance pro"},"content":{"rendered":"\t\t<div data-elementor-type=\"wp-page\" data-elementor-id=\"1559\" class=\"elementor elementor-1559\" data-elementor-settings=\"{&quot;ha_cmc_init_switcher&quot;:&quot;no&quot;}\" data-elementor-post-type=\"page\">\n\t\t\t\t<div class=\"elementor-element elementor-element-08884ef e-flex e-con-boxed e-con e-parent\" data-id=\"08884ef\" data-element_type=\"container\" data-e-type=\"container\" data-settings=\"{&quot;_ha_eqh_enable&quot;:false}\">\n\t\t\t\t\t<div class=\"e-con-inner\">\n\t\t\t\t<div class=\"elementor-element elementor-element-1b8ae88 elementor-widget elementor-widget-image\" data-id=\"1b8ae88\" data-element_type=\"widget\" data-e-type=\"widget\" data-widget_type=\"image.default\">\n\t\t\t\t<div class=\"elementor-widget-container\">\n\t\t\t\t\t\t\t\t\t\t\t\t\t\t\t<img fetchpriority=\"high\" decoding=\"async\" width=\"322\" height=\"377\" src=\"https:\/\/adrienmoulard.com\/wp-content\/uploads\/2025\/10\/bien-etre-et-performance.png\" class=\"attachment-large size-large wp-image-1628\" alt=\"rdv bien \u00eatre performance professionnelle\" srcset=\"https:\/\/adrienmoulard.com\/wp-content\/uploads\/2025\/10\/bien-etre-et-performance.png 322w, https:\/\/adrienmoulard.com\/wp-content\/uploads\/2025\/10\/bien-etre-et-performance-256x300.png 256w\" sizes=\"(max-width: 322px) 100vw, 322px\" \/>\t\t\t\t\t\t\t\t\t\t\t\t\t\t\t<\/div>\n\t\t\t\t<\/div>\n\t\t\t\t<div class=\"elementor-element elementor-element-07cc12d elementor-widget elementor-widget-heading\" data-id=\"07cc12d\" data-element_type=\"widget\" data-e-type=\"widget\" data-widget_type=\"heading.default\">\n\t\t\t\t<div class=\"elementor-widget-container\">\n\t\t\t\t\t<h1 class=\"elementor-heading-title elementor-size-default\">RDVS du BIEN-\u00caTRE et de la PERFORMANCE PRO<\/h1>\t\t\t\t<\/div>\n\t\t\t\t<\/div>\n\t\t\t\t<div class=\"elementor-element elementor-element-7fe9ac3 elementor-widget elementor-widget-text-editor\" data-id=\"7fe9ac3\" data-element_type=\"widget\" data-e-type=\"widget\" data-widget_type=\"text-editor.default\">\n\t\t\t\t<div class=\"elementor-widget-container\">\n\t\t\t\t\t\t\t\t\t<p>Les R-BEPP sont des capsules gratuites, courtes, impactantes, mettant \u00e0 disposition des <strong>outils efficaces directement applicables pour am\u00e9liorer sa vie professionnelle<\/strong> : mieux g\u00e9rer le stress, am\u00e9liorer la concentration, d\u00e9velopper le leadership, renforcer la coh\u00e9sion d\u2019\u00e9quipe et bien plus encore !<\/p><p><span class=\"x1xsqp64 xiy17q3 x1o6pynw x19co3pv xdj266r xjn30re xat24cr x1hb08if x2b8uid\" data-testid=\"emoji\"><span class=\"xexx8yu xcaqkgz x18d9i69 xbwkkl7 x3jgonx x1bhl96m\">\u2b07\ufe0f <\/span><\/span>Profitez des replays pour int\u00e9grer leur contenu d\u00e8s \u00e0 pr\u00e9sent <span class=\"x1xsqp64 xiy17q3 x1o6pynw x19co3pv xdj266r xjn30re xat24cr x1hb08if x2b8uid\" data-testid=\"emoji\"><span class=\"xexx8yu xcaqkgz x18d9i69 xbwkkl7 x3jgonx x1bhl96m\">\u2b07\ufe0f<\/span><\/span><\/p><p>N&rsquo;h\u00e9sitez pas \u00e0 partager et \u00e0 commenter !<\/p>\t\t\t\t\t\t\t\t<\/div>\n\t\t\t\t<\/div>\n\t\t<div class=\"elementor-element elementor-element-5cf548e e-grid e-con-full e-con e-child\" data-id=\"5cf548e\" data-element_type=\"container\" data-e-type=\"container\" data-settings=\"{&quot;_ha_eqh_enable&quot;:false}\">\n\t\t\t\t<div class=\"elementor-element elementor-element-c8edc9a elementor-widget elementor-widget-ha-creative-button happy-addon ha-creative-button\" data-id=\"c8edc9a\" data-element_type=\"widget\" data-e-type=\"widget\" data-widget_type=\"ha-creative-button.default\">\n\t\t\t\t<div class=\"elementor-widget-container\">\n\t\t\t\t\t\t\t<div data-magnetic=\"no\" class=\"ha-creative-btn-wrap\">\n\t\t\t<a class=\"ha-creative-btn ha-stl--hermosa ha-eft--render\" href=\"https:\/\/adrienmoulard.com\/index.php\/atelier\/\" rel=\"nofollow\"><span>D\u00e9couvrez mes interventions en entreprise<\/span><\/a>\n\t\t<\/div>\t\t\t\t<\/div>\n\t\t\t\t<\/div>\n\t\t\t\t<div class=\"elementor-element elementor-element-1cd2fd7 elementor-widget elementor-widget-ha-creative-button happy-addon ha-creative-button\" data-id=\"1cd2fd7\" data-element_type=\"widget\" data-e-type=\"widget\" data-widget_type=\"ha-creative-button.default\">\n\t\t\t\t<div class=\"elementor-widget-container\">\n\t\t\t\t\t\t\t<div data-magnetic=\"no\" class=\"ha-creative-btn-wrap\">\n\t\t\t<a class=\"ha-creative-btn ha-stl--hermosa ha-eft--render\" href=\"https:\/\/my.weezevent.com\/les-rdvs-du-bien-etre-et-de-la-performance-pro?_gl=1*15er2oh*_gcl_au*NTk4NzMxMzE0LjE3NTY0MDYzMDkuOTUzMzQ5Mzg5LjE3NTcwNTUzMTYuMTc1NzA1NTMxNg..*_ga*MTc0OTAzNDg3MC4xNjMxNjMzMzIw*_ga_39H9VBFX7G*czE3NTcwNjcyNjkkbzEyNSRnMSR0MTc1NzA2NzI2OSRqNjAkbDAkaDg1ODQ5MDM0Mg..\" rel=\"nofollow\"><span>Prochains ateliers gratuits en direct<\/span><\/a>\n\t\t<\/div>\t\t\t\t<\/div>\n\t\t\t\t<\/div>\n\t\t\t\t<\/div>\n\t\t<div class=\"elementor-element elementor-element-bd9f77b e-con-full e-flex e-con e-child\" data-id=\"bd9f77b\" data-element_type=\"container\" data-e-type=\"container\" data-settings=\"{&quot;background_background&quot;:&quot;classic&quot;,&quot;_ha_eqh_enable&quot;:false}\">\n\t\t\t\t<div class=\"elementor-element elementor-element-ed3f171 elementor-widget elementor-widget-heading\" data-id=\"ed3f171\" data-element_type=\"widget\" data-e-type=\"widget\" data-widget_type=\"heading.default\">\n\t\t\t\t<div class=\"elementor-widget-container\">\n\t\t\t\t\t<h2 class=\"elementor-heading-title elementor-size-default\">Replays des ateliers<\/h2>\t\t\t\t<\/div>\n\t\t\t\t<\/div>\n\t\t<div class=\"elementor-element elementor-element-a630928 e-con-full e-flex e-con e-child\" data-id=\"a630928\" data-element_type=\"container\" data-e-type=\"container\" data-settings=\"{&quot;_ha_eqh_enable&quot;:false}\">\n\t\t<div class=\"elementor-element elementor-element-d83ceae e-grid e-con-full e-con e-child\" data-id=\"d83ceae\" data-element_type=\"container\" data-e-type=\"container\" data-settings=\"{&quot;_ha_eqh_enable&quot;:false}\">\n\t\t\t\t<div class=\"elementor-element elementor-element-8f71c1f elementor-widget elementor-widget-heading\" data-id=\"8f71c1f\" data-element_type=\"widget\" data-e-type=\"widget\" data-widget_type=\"heading.default\">\n\t\t\t\t<div class=\"elementor-widget-container\">\n\t\t\t\t\t<h3 class=\"elementor-heading-title elementor-size-default\"><a href=\"https:\/\/youtu.be\/VTpwXRNpMEU\">01 - Faire du stress et des \u00e9motions des alli\u00e9es<\/a><\/h3>\t\t\t\t<\/div>\n\t\t\t\t<\/div>\n\t\t\t\t<div class=\"elementor-element elementor-element-0f5bc17 elementor-widget elementor-widget-heading\" data-id=\"0f5bc17\" data-element_type=\"widget\" data-e-type=\"widget\" data-widget_type=\"heading.default\">\n\t\t\t\t<div class=\"elementor-widget-container\">\n\t\t\t\t\t<h3 class=\"elementor-heading-title elementor-size-default\"><a href=\"https:\/\/youtu.be\/PxmDeqtrXy4\">02 - Booster sa concentration sans effort\n<\/a><\/h3>\t\t\t\t<\/div>\n\t\t\t\t<\/div>\n\t\t\t\t<div class=\"elementor-element elementor-element-4619b4d elementor-widget elementor-widget-heading\" data-id=\"4619b4d\" data-element_type=\"widget\" data-e-type=\"widget\" data-widget_type=\"heading.default\">\n\t\t\t\t<div class=\"elementor-widget-container\">\n\t\t\t\t\t<h2 class=\"elementor-heading-title elementor-size-default\">https:\/\/youtu.be\/VTpwXRNpMEU<\/h2>\t\t\t\t<\/div>\n\t\t\t\t<\/div>\n\t\t\t\t<div class=\"elementor-element elementor-element-ac2b6f6 elementor-widget elementor-widget-text-editor\" data-id=\"ac2b6f6\" data-element_type=\"widget\" data-e-type=\"widget\" data-widget_type=\"text-editor.default\">\n\t\t\t\t<div class=\"elementor-widget-container\">\n\t\t\t\t\t\t\t\t\t<p><iframe title=\"RBEPP01 - Faire du stress et des \u00e9motions des alli\u00e9es\" width=\"800\" height=\"450\" src=\"https:\/\/www.youtube.com\/embed\/VTpwXRNpMEU?feature=oembed\" frameborder=\"0\" allow=\"accelerometer; autoplay; clipboard-write; encrypted-media; gyroscope; picture-in-picture; web-share\" referrerpolicy=\"strict-origin-when-cross-origin\" allowfullscreen><\/iframe><\/p>\t\t\t\t\t\t\t\t<\/div>\n\t\t\t\t<\/div>\n\t\t\t\t<div class=\"elementor-element elementor-element-8322776 elementor-widget elementor-widget-text-editor\" data-id=\"8322776\" data-element_type=\"widget\" data-e-type=\"widget\" data-widget_type=\"text-editor.default\">\n\t\t\t\t<div class=\"elementor-widget-container\">\n\t\t\t\t\t\t\t\t\t<p><iframe title=\"RBEPP02 - Boostez votre CONCENTRATION sans effort\" width=\"800\" height=\"450\" src=\"https:\/\/www.youtube.com\/embed\/PxmDeqtrXy4?feature=oembed\" frameborder=\"0\" allow=\"accelerometer; autoplay; clipboard-write; encrypted-media; gyroscope; picture-in-picture; web-share\" referrerpolicy=\"strict-origin-when-cross-origin\" allowfullscreen><\/iframe><\/p>\t\t\t\t\t\t\t\t<\/div>\n\t\t\t\t<\/div>\n\t\t\t\t<div class=\"elementor-element elementor-element-2d38ec9 elementor-widget elementor-widget-heading\" data-id=\"2d38ec9\" data-element_type=\"widget\" data-e-type=\"widget\" data-widget_type=\"heading.default\">\n\t\t\t\t<div class=\"elementor-widget-container\">\n\t\t\t\t\t<h2 class=\"elementor-heading-title elementor-size-default\">https:\/\/youtu.be\/VTpwXRNpMEU<\/h2>\t\t\t\t<\/div>\n\t\t\t\t<\/div>\n\t\t\t\t<\/div>\n\t\t\t\t<\/div>\n\t\t\t\t<\/div>\n\t\t\t\t\t<\/div>\n\t\t\t\t<\/div>\n\t\t<div class=\"elementor-element elementor-element-42e21981 e-con-full e-flex e-con e-parent\" data-id=\"42e21981\" data-element_type=\"container\" data-e-type=\"container\" data-settings=\"{&quot;background_background&quot;:&quot;classic&quot;,&quot;_ha_eqh_enable&quot;:false}\">\n\t\t<div data-ha-element-link=\"{&quot;url&quot;:&quot;https:\\\/\\\/adrienmoulard.com\\\/index.php\\\/supervision\\\/&quot;,&quot;is_external&quot;:&quot;&quot;,&quot;nofollow&quot;:&quot;&quot;}\" style=\"cursor: pointer\" class=\"elementor-element elementor-element-ee21c29 e-con-full e-flex e-con e-child\" data-id=\"ee21c29\" data-element_type=\"container\" data-e-type=\"container\" data-settings=\"{&quot;background_background&quot;:&quot;classic&quot;,&quot;_ha_eqh_enable&quot;:false}\">\n\t\t\t\t<div class=\"elementor-element elementor-element-09df03b elementor-align-center elementor-widget__width-initial elementor-widget elementor-widget-button\" data-id=\"09df03b\" data-element_type=\"widget\" data-e-type=\"widget\" data-widget_type=\"button.default\">\n\t\t\t\t<div class=\"elementor-widget-container\">\n\t\t\t\t\t\t\t\t\t<div class=\"elementor-button-wrapper\">\n\t\t\t\t\t<a class=\"elementor-button elementor-button-link elementor-size-sm\" href=\"https:\/\/adrienmoulard.com\/index.php\/atelier\/\">\n\t\t\t\t\t\t<span class=\"elementor-button-content-wrapper\">\n\t\t\t\t\t\t\t\t\t<span class=\"elementor-button-text\">Conf\u00e9rences et ateliers<\/span>\n\t\t\t\t\t<\/span>\n\t\t\t\t\t<\/a>\n\t\t\t\t<\/div>\n\t\t\t\t\t\t\t\t<\/div>\n\t\t\t\t<\/div>\n\t\t\t\t<\/div>\n\t\t<div class=\"elementor-element elementor-element-6f5988ad e-con-full e-flex e-con e-child\" data-id=\"6f5988ad\" data-element_type=\"container\" data-e-type=\"container\" data-settings=\"{&quot;_ha_eqh_enable&quot;:false}\">\n\t\t<div data-ha-element-link=\"{&quot;url&quot;:&quot;https:\\\/\\\/adrienmoulard.com\\\/index.php\\\/supervision\\\/&quot;,&quot;is_external&quot;:&quot;&quot;,&quot;nofollow&quot;:&quot;&quot;}\" style=\"cursor: pointer\" class=\"elementor-element elementor-element-6750b900 e-con-full e-flex e-con e-child\" data-id=\"6750b900\" data-element_type=\"container\" data-e-type=\"container\" data-settings=\"{&quot;background_background&quot;:&quot;classic&quot;,&quot;_ha_eqh_enable&quot;:false}\">\n\t\t\t\t<div class=\"elementor-element elementor-element-7025ccbe elementor-align-center elementor-widget elementor-widget-button\" data-id=\"7025ccbe\" data-element_type=\"widget\" data-e-type=\"widget\" data-widget_type=\"button.default\">\n\t\t\t\t<div class=\"elementor-widget-container\">\n\t\t\t\t\t\t\t\t\t<div class=\"elementor-button-wrapper\">\n\t\t\t\t\t<a class=\"elementor-button elementor-button-link elementor-size-sm\" href=\"https:\/\/adrienmoulard.com\/index.php\/coaching\/\">\n\t\t\t\t\t\t<span class=\"elementor-button-content-wrapper\">\n\t\t\t\t\t\t\t\t\t<span class=\"elementor-button-text\">Coaching individuel<\/span>\n\t\t\t\t\t<\/span>\n\t\t\t\t\t<\/a>\n\t\t\t\t<\/div>\n\t\t\t\t\t\t\t\t<\/div>\n\t\t\t\t<\/div>\n\t\t\t\t<\/div>\n\t\t<div data-ha-element-link=\"{&quot;url&quot;:&quot;https:\\\/\\\/adrienmoulard.com\\\/index.php\\\/formation\\\/&quot;,&quot;is_external&quot;:&quot;&quot;,&quot;nofollow&quot;:&quot;&quot;}\" style=\"cursor: pointer\" class=\"elementor-element elementor-element-55ebafe5 e-flex e-con-boxed e-con e-child\" data-id=\"55ebafe5\" data-element_type=\"container\" data-e-type=\"container\" data-settings=\"{&quot;background_background&quot;:&quot;classic&quot;,&quot;_ha_eqh_enable&quot;:false}\">\n\t\t\t\t\t<div class=\"e-con-inner\">\n\t\t\t\t<div class=\"elementor-element elementor-element-505ea7d6 elementor-align-center elementor-widget elementor-widget-button\" data-id=\"505ea7d6\" data-element_type=\"widget\" data-e-type=\"widget\" data-widget_type=\"button.default\">\n\t\t\t\t<div class=\"elementor-widget-container\">\n\t\t\t\t\t\t\t\t\t<div class=\"elementor-button-wrapper\">\n\t\t\t\t\t<a class=\"elementor-button elementor-button-link elementor-size-sm\" href=\"https:\/\/adrienmoulard.com\/index.php\/conferences-et-spectacles\/\">\n\t\t\t\t\t\t<span class=\"elementor-button-content-wrapper\">\n\t\t\t\t\t\t\t\t\t<span class=\"elementor-button-text\">Spectacles<\/span>\n\t\t\t\t\t<\/span>\n\t\t\t\t\t<\/a>\n\t\t\t\t<\/div>\n\t\t\t\t\t\t\t\t<\/div>\n\t\t\t\t<\/div>\n\t\t\t\t\t<\/div>\n\t\t\t\t<\/div>\n\t\t\t\t<\/div>\n\t\t\t\t<\/div>\n\t\t\t\t<\/div>\n\t\t","protected":false},"excerpt":{"rendered":"<p>RDVS du BIEN-\u00caTRE et de la PERFORMANCE PRO Les R-BEPP sont des capsules gratuites, courtes, impactantes, mettant \u00e0 disposition des outils efficaces directement applicables pour am\u00e9liorer sa vie professionnelle : mieux g\u00e9rer le stress, am\u00e9liorer la concentration, d\u00e9velopper le leadership, renforcer la coh\u00e9sion d\u2019\u00e9quipe et bien plus encore ! \u2b07\ufe0f Profitez des replays pour int\u00e9grer [&hellip;]<\/p>\n","protected":false},"author":2,"featured_media":0,"parent":0,"menu_order":0,"comment_status":"closed","ping_status":"closed","template":"","meta":{"footnotes":""},"class_list":["post-1559","page","type-page","status-publish","hentry"],"_links":{"self":[{"href":"https:\/\/adrienmoulard.com\/index.php\/wp-json\/wp\/v2\/pages\/1559","targetHints":{"allow":["GET"]}}],"collection":[{"href":"https:\/\/adrienmoulard.com\/index.php\/wp-json\/wp\/v2\/pages"}],"about":[{"href":"https:\/\/adrienmoulard.com\/index.php\/wp-json\/wp\/v2\/types\/page"}],"author":[{"embeddable":true,"href":"https:\/\/adrienmoulard.com\/index.php\/wp-json\/wp\/v2\/users\/2"}],"replies":[{"embeddable":true,"href":"https:\/\/adrienmoulard.com\/index.php\/wp-json\/wp\/v2\/comments?post=1559"}],"version-history":[{"count":31,"href":"https:\/\/adrienmoulard.com\/index.php\/wp-json\/wp\/v2\/pages\/1559\/revisions"}],"predecessor-version":[{"id":1632,"href":"https:\/\/adrienmoulard.com\/index.php\/wp-json\/wp\/v2\/pages\/1559\/revisions\/1632"}],"wp:attachment":[{"href":"https:\/\/adrienmoulard.com\/index.php\/wp-json\/wp\/v2\/media?parent=1559"}],"curies":[{"name":"wp","href":"https:\/\/api.w.org\/{rel}","templated":true}]}}