{"id":154,"date":"2023-09-29T21:11:43","date_gmt":"2023-09-29T19:11:43","guid":{"rendered":"http:\/\/adrienmoulard.com\/?page_id=154"},"modified":"2025-09-03T15:26:25","modified_gmt":"2025-09-03T13:26:25","slug":"accompagnement","status":"publish","type":"page","link":"https:\/\/adrienmoulard.com\/index.php\/accompagnement\/","title":{"rendered":"Accompagnement"},"content":{"rendered":"\t\t<div data-elementor-type=\"wp-page\" data-elementor-id=\"154\" class=\"elementor elementor-154\" data-elementor-settings=\"{&quot;ha_cmc_init_switcher&quot;:&quot;no&quot;}\" data-elementor-post-type=\"page\">\n\t\t\t\t<div class=\"elementor-element elementor-element-a094408 e-flex e-con-boxed e-con e-parent\" data-id=\"a094408\" data-element_type=\"container\" data-e-type=\"container\" data-settings=\"{&quot;_ha_eqh_enable&quot;:false}\">\n\t\t\t\t\t<div class=\"e-con-inner\">\n\t\t<div class=\"elementor-element elementor-element-16283f8 e-con-full e-flex e-con e-child\" data-id=\"16283f8\" data-element_type=\"container\" data-e-type=\"container\" data-settings=\"{&quot;_ha_eqh_enable&quot;:false}\">\n\t\t\t\t<div class=\"elementor-element elementor-element-44f3790 elementor-widget elementor-widget-heading\" data-id=\"44f3790\" data-element_type=\"widget\" data-e-type=\"widget\" data-widget_type=\"heading.default\">\n\t\t\t\t<div class=\"elementor-widget-container\">\n\t\t\t\t\t<h2 class=\"elementor-heading-title elementor-size-default\">Un outil de changement<\/h2>\t\t\t\t<\/div>\n\t\t\t\t<\/div>\n\t\t\t\t<div class=\"elementor-element elementor-element-c57a601 elementor-widget elementor-widget-text-editor\" data-id=\"c57a601\" data-element_type=\"widget\" data-e-type=\"widget\" data-widget_type=\"text-editor.default\">\n\t\t\t\t<div class=\"elementor-widget-container\">\n\t\t\t\t\t\t\t\t\t<p>Simple et efficace, car orientant <strong>l&rsquo;inconscient vers plus d&rsquo;efficacit\u00e9 en lui parlant dans son langage<\/strong> : celui du ressenti et de l&rsquo;imaginaire m\u00e9taphorique, par opposition \u00e0 la froideur du discours rationnel.<\/p><p>Ainsi, qui n&rsquo;a pas d\u00e9j\u00e0 essay\u00e9 de changer rationnellement un automatisme&#8230; en vain ?!<br \/>Force est de constater que ce n&rsquo;est g\u00e9n\u00e9ralement pas le fort de l&rsquo;\u00eatre humain. <br \/>Pourquoi ? Parce que nous n&rsquo;utilisons pas le bon outil !<\/p>\t\t\t\t\t\t\t\t<\/div>\n\t\t\t\t<\/div>\n\t\t\t\t<\/div>\n\t\t<div class=\"elementor-element elementor-element-3e1f0ba e-con-full e-flex e-con e-child\" data-id=\"3e1f0ba\" data-element_type=\"container\" data-e-type=\"container\" data-settings=\"{&quot;_ha_eqh_enable&quot;:false}\">\n\t\t\t\t<div class=\"elementor-element elementor-element-dbe799a ha-has-bg-overlay elementor-widget elementor-widget-image\" data-id=\"dbe799a\" data-element_type=\"widget\" data-e-type=\"widget\" data-widget_type=\"image.default\">\n\t\t\t\t<div class=\"elementor-widget-container\">\n\t\t\t\t\t\t\t\t\t\t\t\t\t\t\t<img fetchpriority=\"high\" decoding=\"async\" width=\"413\" height=\"509\" src=\"https:\/\/adrienmoulard.com\/wp-content\/uploads\/2024\/01\/Calque-8.png\" class=\"attachment-large size-large wp-image-1148\" alt=\"\" srcset=\"https:\/\/adrienmoulard.com\/wp-content\/uploads\/2024\/01\/Calque-8.png 413w, https:\/\/adrienmoulard.com\/wp-content\/uploads\/2024\/01\/Calque-8-243x300.png 243w\" sizes=\"(max-width: 413px) 100vw, 413px\" \/>\t\t\t\t\t\t\t\t\t\t\t\t\t\t\t<\/div>\n\t\t\t\t<\/div>\n\t\t\t\t<\/div>\n\t\t\t\t\t<\/div>\n\t\t\t\t<\/div>\n\t\t<div class=\"elementor-element elementor-element-fe82ab6 e-flex e-con-boxed e-con e-parent\" data-id=\"fe82ab6\" data-element_type=\"container\" data-e-type=\"container\" data-settings=\"{&quot;background_background&quot;:&quot;classic&quot;,&quot;_ha_eqh_enable&quot;:false}\">\n\t\t\t\t\t<div class=\"e-con-inner\">\n\t\t<div class=\"elementor-element elementor-element-e5e95ef e-flex e-con-boxed e-con e-child\" data-id=\"e5e95ef\" data-element_type=\"container\" data-e-type=\"container\" data-settings=\"{&quot;_ha_eqh_enable&quot;:false}\">\n\t\t\t\t\t<div class=\"e-con-inner\">\n\t\t\t\t<div class=\"elementor-element elementor-element-8a134c1 elementor-widget elementor-widget-text-editor\" data-id=\"8a134c1\" data-element_type=\"widget\" data-e-type=\"widget\" data-widget_type=\"text-editor.default\">\n\t\t\t\t<div class=\"elementor-widget-container\">\n\t\t\t\t\t\t\t\t\t<p>Quand nous n&rsquo;arrivons pas \u00e0 changer en effet, c&rsquo;est comme si conscient et inconscient \u00e9taient engag\u00e9s dans un dialogue de sourds qui peut en venir aux poings. L&rsquo;enfant pleure, alors l&rsquo;adulte le gronde, du coup l&rsquo;enfant redouble de pleurs et l&rsquo;adulte s&rsquo;irrite un peu plus encore, jusqu&rsquo;\u00e0 ce que la communication devienne impossible et la situation bloqu\u00e9e.<br \/>Cela revient \u00e0 chercher ses clefs sous un lampadaire parce qu&rsquo;il y a de la lumi\u00e8re&#8230;<\/p><p>L&rsquo;accompagnement par l&rsquo;hypnose montre comment se mettre volontairement au niveau de l&rsquo;enfant un moment, apprendre \u00e0 le consoler d&rsquo;abord, et lui parler ensuite. <br \/>Pour que des pleurs soit entendu le message.<\/p><p>En d\u00e9centrant, il offre ainsi la possibilit\u00e9 de sortir du blocus pour construire une alliance interne ren\u00e9goci\u00e9e. On apprend aux diff\u00e9rentes parties de nous \u00e0 trouver un terrain d&rsquo;entente et un langage commun, puis \u00e0 regarder \u00e0 nouveau dans la m\u00eame direction, pour mieux travailler main dans la main et \u00e0 l&rsquo;unisson.<\/p>\t\t\t\t\t\t\t\t<\/div>\n\t\t\t\t<\/div>\n\t\t\t\t\t<\/div>\n\t\t\t\t<\/div>\n\t\t\t\t\t<\/div>\n\t\t\t\t<\/div>\n\t\t<div class=\"elementor-element elementor-element-48b7efb e-flex e-con-boxed e-con e-parent\" data-id=\"48b7efb\" data-element_type=\"container\" data-e-type=\"container\" data-settings=\"{&quot;_ha_eqh_enable&quot;:false}\">\n\t\t\t\t\t<div class=\"e-con-inner\">\n\t\t\t\t<div class=\"elementor-element elementor-element-b82b401 elementor-widget elementor-widget-text-editor\" data-id=\"b82b401\" data-element_type=\"widget\" data-e-type=\"widget\" data-widget_type=\"text-editor.default\">\n\t\t\t\t<div class=\"elementor-widget-container\">\n\t\t\t\t\t\t\t\t\t<p>L\u2019hypnose est particuli\u00e8rement efficace pour <strong>ajuster les automatismes du corps et de l\u2019esprit<\/strong> qui \u00e9chappent \u00e0 notre contr\u00f4le conscient, quand on l\u2019impression de perdre le contr\u00f4le, d\u2019\u00eatre submerg\u00e9, de ne pas savoir comment g\u00e9rer\u00a0: sommeil (insomnies, cauchemars\u2026), \u00e9motions (dont le stress, la col\u00e8re, l\u2019anxi\u00e9t\u00e9, les crises de panique, les phobies et autres peurs irraisonn\u00e9es ou excessives\u2026), pens\u00e9es automatiques (ruminations, d\u00e9valorisation, manque de confiance ou d\u2019estime de soi\u2026).<\/p><p>Au fil des ann\u00e9es, je me suis sp\u00e9cialis\u00e9 sur l\u2019accompagnement au sevrage tabagique, la gestion du stress (allant jusqu\u2019aux crises d\u2019angoisse et attaques de panique) et des phobies (dont agoraphobie).<\/p>\t\t\t\t\t\t\t\t<\/div>\n\t\t\t\t<\/div>\n\t\t\t\t<div class=\"elementor-element elementor-element-1c483fd elementor-widget elementor-widget-ha-creative-button happy-addon ha-creative-button\" data-id=\"1c483fd\" data-element_type=\"widget\" data-e-type=\"widget\" data-widget_type=\"ha-creative-button.default\">\n\t\t\t\t<div class=\"elementor-widget-container\">\n\t\t\t\t\t\t\t<div data-magnetic=\"no\" class=\"ha-creative-btn-wrap\">\n\t\t\t<a class=\"ha-creative-btn ha-stl--hermosa ha-eft--render\" href=\"https:\/\/calendly.com\/moulard-adrien\" rel=\"nofollow\"><span>Je r\u00e9serve un appel d&#039;information gratuit<\/span><\/a>\n\t\t<\/div>\t\t\t\t<\/div>\n\t\t\t\t<\/div>\n\t\t\t\t\t<\/div>\n\t\t\t\t<\/div>\n\t\t<div class=\"elementor-element elementor-element-f125663 elementor-hidden-laptop elementor-hidden-tablet elementor-hidden-mobile e-flex e-con-boxed e-con e-parent\" data-id=\"f125663\" data-element_type=\"container\" data-e-type=\"container\" data-settings=\"{&quot;background_background&quot;:&quot;classic&quot;,&quot;_ha_eqh_enable&quot;:false}\">\n\t\t\t\t\t<div class=\"e-con-inner\">\n\t\t\t\t<div class=\"elementor-element elementor-element-218ccc5 elementor-tabs-view-horizontal elementor-widget elementor-widget-tabs\" data-id=\"218ccc5\" data-element_type=\"widget\" data-e-type=\"widget\" data-widget_type=\"tabs.default\">\n\t\t\t\t<div class=\"elementor-widget-container\">\n\t\t\t\t\t\t\t<div class=\"elementor-tabs\">\n\t\t\t<div class=\"elementor-tabs-wrapper\" role=\"tablist\" >\n\t\t\t\t\t\t\t\t\t<div id=\"elementor-tab-title-3511\" class=\"elementor-tab-title elementor-tab-desktop-title\" aria-selected=\"true\" data-tab=\"1\" role=\"tab\" tabindex=\"0\" aria-controls=\"elementor-tab-content-3511\" aria-expanded=\"false\">Une approche br\u00e8ve*, orient\u00e9e solution<\/div>\n\t\t\t\t\t\t\t\t\t<div id=\"elementor-tab-title-3512\" class=\"elementor-tab-title elementor-tab-desktop-title\" aria-selected=\"false\" data-tab=\"2\" role=\"tab\" tabindex=\"-1\" aria-controls=\"elementor-tab-content-3512\" aria-expanded=\"false\">D\u00e9roulement d'un accompagnement<\/div>\n\t\t\t\t\t\t\t\t\t<div id=\"elementor-tab-title-3513\" class=\"elementor-tab-title elementor-tab-desktop-title\" aria-selected=\"false\" data-tab=\"3\" role=\"tab\" tabindex=\"-1\" aria-controls=\"elementor-tab-content-3513\" aria-expanded=\"false\">Que sommes-nous en droit d'attendre l'un de l'autre ?<\/div>\n\t\t\t\t\t\t\t<\/div>\n\t\t\t<div class=\"elementor-tabs-content-wrapper\" role=\"tablist\" aria-orientation=\"vertical\">\n\t\t\t\t\t\t\t\t\t<div class=\"elementor-tab-title elementor-tab-mobile-title\" aria-selected=\"true\" data-tab=\"1\" role=\"tab\" tabindex=\"0\" aria-controls=\"elementor-tab-content-3511\" aria-expanded=\"false\">Une approche br\u00e8ve*, orient\u00e9e solution<\/div>\n\t\t\t\t\t<div id=\"elementor-tab-content-3511\" class=\"elementor-tab-content elementor-clearfix\" data-tab=\"1\" role=\"tabpanel\" aria-labelledby=\"elementor-tab-title-3511\" tabindex=\"0\" hidden=\"false\"><p>Face \u00e0 une difficult\u00e9, l\u2019\u00eatre humain semble dot\u00e9 d&rsquo;une attitude spontan\u00e9e (en grande partie conditionn\u00e9e) : il tente d&rsquo;en\u00a0<strong>identifier une cause<\/strong>, un coupable. Cette recherche, tourn\u00e9e vers le pass\u00e9, nous pousse souvent dans un \u00ab\u00a0<em><strong>pourquoi contemplatif<\/strong><\/em>\u00ab\u00a0** qui tend \u00e0 inhiber l&rsquo;action.\u00a0Autrement dit, le poids de l&rsquo;histoire conduit souvent \u00e0 l&rsquo;\u00e9chec, car\u00a0<strong>trop analyser emp\u00eache parfois d&rsquo;agir&#8230;<\/strong><\/p><p><em>Un exemple\u00a0: vous marchez dans la rue et tombez dans un trou. Est-ce que vous attendez de conna\u00eetre tous les facteurs qui\u00a0peuvent\u00a0vous y avoir men\u00e9 (signalisation d\u00e9faillante, distraction et\/ou empressement de votre part, malchance&#8230;) avant de commencer \u00e0 chercher \u00e0 en sortir ?<br \/>Si oui, vous pourriez bien y rester longtemps&#8230;<\/em><\/p><p>Un <strong>accompagnement bref, orient\u00e9 solution<\/strong>, a donc vocation \u00e0 vous donner un coup de pouce pour sortir du trou, et \u00e0 vous assurer que vous ne r\u00e9p\u00e9terez pas le m\u00eame sch\u00e9ma.<\/p><p>En s&rsquo;int\u00e9ressant au \u00ab\u00a0Comment puis-je agir ?\u00a0\u00bb (plut\u00f4t qu&rsquo;au \u00ab\u00a0Pourquoi cela se passe-t-il ?\u00a0\u00bb), on porte le projecteur sur le pr\u00e9sent et les\u00a0<strong>capacit\u00e9s \u00e0 mieux fonctionner <\/strong>face\u00a0\u00e0 un \u00e9v\u00e9nement donn\u00e9. La remise en mouvement permet alors de nombreuses d\u00e9couvertes, par l&rsquo;action.<\/p><p><em>* <\/em>Gregory Bateson<em>, La Nature <\/em>et <em>Communication et soci\u00e9t\u00e9<\/em><br \/><em>** <\/em>Van den Bulke et Mon\u00e8me, <em>Le manager relationnel<\/em><\/p><\/div>\n\t\t\t\t\t\t\t\t\t<div class=\"elementor-tab-title elementor-tab-mobile-title\" aria-selected=\"false\" data-tab=\"2\" role=\"tab\" tabindex=\"-1\" aria-controls=\"elementor-tab-content-3512\" aria-expanded=\"false\">D\u00e9roulement d'un accompagnement<\/div>\n\t\t\t\t\t<div id=\"elementor-tab-content-3512\" class=\"elementor-tab-content elementor-clearfix\" data-tab=\"2\" role=\"tabpanel\" aria-labelledby=\"elementor-tab-title-3512\" tabindex=\"0\" hidden=\"hidden\"><p>Chaque personne et situation sont uniques, ainsi le nombre de s\u00e9ances n\u00e9cessaires \u00e0 l&rsquo;atteinte de votre objectif variera en fonction des cas. Nous nous voyons au moins deux fois\u00a0: quand vous atteignez votre objectif d\u00e8s la premi\u00e8re session, une s\u00e9ance de cl\u00f4ture permet de v\u00e9rifier et renforcer les changements, et de vous approprier encore plus les outils en vous entra\u00eenant \u00e0 l\u2019autohypnose. Et rarement au-del\u00e0 de six (m\u00eame si certaines personnes appr\u00e9cient des accompagnements \u00ab\u00a0au long cours\u00a0\u00bb avec \u00ab\u00a0piq\u00fbres de rappel\u00a0\u00bb quand n\u00e9cessaire).<\/p><p>A chaque s\u00e9ance, on retrouve g\u00e9n\u00e9ralement* deux phases :<\/p><ol><li>Un \u00e9change pour pr\u00e9ciser votre objectif de s\u00e9ance, indicateur qui permettra ensuite de mesurer l&rsquo;efficacit\u00e9 du travail r\u00e9alis\u00e9<\/li><li>Une phase de travail o\u00f9, au cours d&rsquo;un processus hypnotique, vous allez solliciter votre inconscient pour qu&rsquo;il trouve de nouvelles mani\u00e8res de faire qui soient plus satisfaisantes.<\/li><\/ol><p>En g\u00e9n\u00e9ral, les gens sortent repos\u00e9s, requinqu\u00e9s, l\u00e9gers et \u00e9nergiques de la s\u00e9ance, mais il arrive parfois aussi que le travail effectu\u00e9 provoque une fatigue. Dans tous les cas, n&rsquo;h\u00e9sitez pas \u00e0 pr\u00e9voir un moment de tranquillit\u00e9 suite \u00e0 notre entrevue (ou \u00e0 me pr\u00e9venir si ce n\u2019est pas possible, que j\u2019adapte notamment la sortie d\u2019hypnose).<\/p><p>*Il arrive qu\u2019on commence par profiter des bienfaits de l\u2019hypnose (relaxation physique, apaisement \u00e9motionnel, mental en pause) et que l\u2019\u00e9change sur l\u2019objectif se fasse dans cet \u00e9tat propice \u00e0 trouver des solutions nouvelles.<\/p><\/div>\n\t\t\t\t\t\t\t\t\t<div class=\"elementor-tab-title elementor-tab-mobile-title\" aria-selected=\"false\" data-tab=\"3\" role=\"tab\" tabindex=\"-1\" aria-controls=\"elementor-tab-content-3513\" aria-expanded=\"false\">Que sommes-nous en droit d'attendre l'un de l'autre ?<\/div>\n\t\t\t\t\t<div id=\"elementor-tab-content-3513\" class=\"elementor-tab-content elementor-clearfix\" data-tab=\"3\" role=\"tabpanel\" aria-labelledby=\"elementor-tab-title-3513\" tabindex=\"0\" hidden=\"hidden\"><p>Toute hypnose est au fond <a href=\"http:\/\/weebly-link\/327093331364227163\">auto-hypnose<\/a>. On est loin du clich\u00e9 de l&rsquo;hypnotiseur qui ouvrirait votre cerveau pour y effectuer les changements que vous d\u00e9sirez avant de vous r\u00e9veiller, chang\u00e9 et amn\u00e9sique de ce qui s&rsquo;est pass\u00e9.<br \/>Au cours de l&rsquo;<a href=\"http:\/\/moulard.creamel.fr\/moulard\/index.php\/accompagnement\/\">accompagnement<\/a>, c&rsquo;est vous qui allez <strong>apprendre \u00e0 faire un nouvel usage de votre esprit et de votre corps<\/strong>. C&rsquo;est vous qui faites le travail (avec un petit coup de pouce ext\u00e9rieur)<\/p><p><em>Votre <strong>motivation <\/strong>et votre <strong>engagement<\/strong> sont donc des ingr\u00e9dients essentiels de votre r\u00e9ussite !!<\/em><\/p><p>Mon but, en tant qu&rsquo;accompagnant, est de vous guider dans cette <strong>red\u00e9couverte de vous-m\u00eame et de vos capacit\u00e9s<\/strong>.\u00a0<br \/>Un apprentissage que vous saurez g\u00e9n\u00e9raliser \u00e0 tous\u00a0les domaines de votre vie dans lesquels il pourrait \u00eatre opportun.<\/p><p><em>ATTENTION ! Une s\u00e9ance d&rsquo;hypnose n&rsquo;est pas un acte m\u00e9dical, en aucun cas elle ne remplace la consultation d&rsquo;un m\u00e9decin ou la prise d&rsquo;un traitement. L&rsquo;hypnose ne traite pas les sympt\u00f4mes, mais permet de travailler sur ce qui se passe autour (par exemple, gestion de la douleur). L&rsquo;hypnose ne permet pas non plus d&rsquo;\u00e9tablir de diagnostic m\u00e9dical ou de prescriptions.<\/em><\/p><\/div>\n\t\t\t\t\t\t\t<\/div>\n\t\t<\/div>\n\t\t\t\t\t\t<\/div>\n\t\t\t\t<\/div>\n\t\t\t\t\t<\/div>\n\t\t\t\t<\/div>\n\t\t<div class=\"elementor-element elementor-element-adb1cff e-flex e-con-boxed e-con e-parent\" data-id=\"adb1cff\" data-element_type=\"container\" data-e-type=\"container\" data-settings=\"{&quot;background_background&quot;:&quot;classic&quot;,&quot;_ha_eqh_enable&quot;:false}\">\n\t\t\t\t\t<div class=\"e-con-inner\">\n\t\t<div class=\"elementor-element elementor-element-cfc854e e-flex e-con-boxed e-con e-child\" data-id=\"cfc854e\" data-element_type=\"container\" data-e-type=\"container\" data-settings=\"{&quot;_ha_eqh_enable&quot;:false}\">\n\t\t\t\t\t<div class=\"e-con-inner\">\n\t\t\t\t<div class=\"elementor-element elementor-element-2cdd2aa elementor-widget elementor-widget-image\" data-id=\"2cdd2aa\" data-element_type=\"widget\" data-e-type=\"widget\" data-widget_type=\"image.default\">\n\t\t\t\t<div class=\"elementor-widget-container\">\n\t\t\t\t\t\t\t\t\t\t\t\t\t\t\t\t<a href=\"https:\/\/adrienmoulard.com\/index.php\/seance-hypnose-en-ligne-visio\/\">\n\t\t\t\t\t\t\t<img decoding=\"async\" width=\"800\" height=\"280\" src=\"https:\/\/adrienmoulard.com\/wp-content\/uploads\/2025\/09\/bandeau-bon-final-global-1024x359.png\" class=\"attachment-large size-large wp-image-1438\" alt=\"s\u00e9ance \u00e0 distance\" srcset=\"https:\/\/adrienmoulard.com\/wp-content\/uploads\/2025\/09\/bandeau-bon-final-global-1024x359.png 1024w, https:\/\/adrienmoulard.com\/wp-content\/uploads\/2025\/09\/bandeau-bon-final-global-300x105.png 300w, https:\/\/adrienmoulard.com\/wp-content\/uploads\/2025\/09\/bandeau-bon-final-global-768x269.png 768w, https:\/\/adrienmoulard.com\/wp-content\/uploads\/2025\/09\/bandeau-bon-final-global-1536x538.png 1536w, https:\/\/adrienmoulard.com\/wp-content\/uploads\/2025\/09\/bandeau-bon-final-global.png 1713w\" sizes=\"(max-width: 800px) 100vw, 800px\" \/>\t\t\t\t\t\t\t\t<\/a>\n\t\t\t\t\t\t\t\t\t\t\t\t\t\t\t<\/div>\n\t\t\t\t<\/div>\n\t\t\t\t\t<\/div>\n\t\t\t\t<\/div>\n\t\t\t\t\t<\/div>\n\t\t\t\t<\/div>\n\t\t<div class=\"elementor-element elementor-element-e6a75bd e-con-full e-flex e-con e-parent\" data-id=\"e6a75bd\" data-element_type=\"container\" data-e-type=\"container\" data-settings=\"{&quot;background_background&quot;:&quot;classic&quot;,&quot;_ha_eqh_enable&quot;:false}\">\n\t\t\t\t<div class=\"elementor-element elementor-element-40de746 elementor-widget elementor-widget-heading\" data-id=\"40de746\" data-element_type=\"widget\" data-e-type=\"widget\" data-widget_type=\"heading.default\">\n\t\t\t\t<div class=\"elementor-widget-container\">\n\t\t\t\t\t<h2 class=\"elementor-heading-title elementor-size-default\">Hypnoth\u00e9rapie<\/h2>\t\t\t\t<\/div>\n\t\t\t\t<\/div>\n\t\t<div class=\"elementor-element elementor-element-f3ff813 e-con-full e-flex e-con e-child\" data-id=\"f3ff813\" data-element_type=\"container\" data-e-type=\"container\" data-settings=\"{&quot;_ha_eqh_enable&quot;:false}\">\n\t\t<div data-ha-element-link=\"{&quot;url&quot;:&quot;https:\\\/\\\/adrienmoulard.com\\\/index.php\\\/supervision\\\/&quot;,&quot;is_external&quot;:&quot;&quot;,&quot;nofollow&quot;:&quot;&quot;}\" style=\"cursor: pointer\" class=\"elementor-element elementor-element-fd69b91 e-con-full e-flex e-con e-child\" data-id=\"fd69b91\" data-element_type=\"container\" data-e-type=\"container\" data-settings=\"{&quot;background_background&quot;:&quot;classic&quot;,&quot;_ha_eqh_enable&quot;:false}\">\n\t\t\t\t<div class=\"elementor-element elementor-element-89cb013 elementor-widget elementor-widget-heading\" data-id=\"89cb013\" data-element_type=\"widget\" data-e-type=\"widget\" data-widget_type=\"heading.default\">\n\t\t\t\t<div class=\"elementor-widget-container\">\n\t\t\t\t\t<h4 class=\"elementor-heading-title elementor-size-default\">Hypnoth\u00e9rapie<\/h4>\t\t\t\t<\/div>\n\t\t\t\t<\/div>\n\t\t\t\t<div class=\"elementor-element elementor-element-dc84932 elementor-align-center elementor-widget elementor-widget-button\" data-id=\"dc84932\" data-element_type=\"widget\" data-e-type=\"widget\" data-widget_type=\"button.default\">\n\t\t\t\t<div class=\"elementor-widget-container\">\n\t\t\t\t\t\t\t\t\t<div class=\"elementor-button-wrapper\">\n\t\t\t\t\t<a class=\"elementor-button elementor-size-sm\" role=\"button\">\n\t\t\t\t\t\t<span class=\"elementor-button-content-wrapper\">\n\t\t\t\t\t\t\t\t\t<span class=\"elementor-button-text\">Supervision<\/span>\n\t\t\t\t\t<\/span>\n\t\t\t\t\t<\/a>\n\t\t\t\t<\/div>\n\t\t\t\t\t\t\t\t<\/div>\n\t\t\t\t<\/div>\n\t\t\t\t<div class=\"elementor-element elementor-element-ee8ce39 elementor-widget elementor-widget-text-editor\" data-id=\"ee8ce39\" data-element_type=\"widget\" data-e-type=\"widget\" data-widget_type=\"text-editor.default\">\n\t\t\t\t<div class=\"elementor-widget-container\">\n\t\t\t\t\t\t\t\t\t<p style=\"text-align: center;\">Praticien.ne.s en hypnose, prenez du recul et am\u00e9liorez votre pratique professionnelle !<\/p>\t\t\t\t\t\t\t\t<\/div>\n\t\t\t\t<\/div>\n\t\t\t\t<\/div>\n\t\t<div data-ha-element-link=\"{&quot;url&quot;:&quot;https:\\\/\\\/adrienmoulard.com\\\/index.php\\\/formation\\\/&quot;,&quot;is_external&quot;:&quot;&quot;,&quot;nofollow&quot;:&quot;&quot;}\" style=\"cursor: pointer\" class=\"elementor-element elementor-element-bba0266 e-flex e-con-boxed e-con e-child\" data-id=\"bba0266\" data-element_type=\"container\" data-e-type=\"container\" data-settings=\"{&quot;background_background&quot;:&quot;classic&quot;,&quot;_ha_eqh_enable&quot;:false}\">\n\t\t\t\t\t<div class=\"e-con-inner\">\n\t\t\t\t<div class=\"elementor-element elementor-element-0630e70 elementor-widget elementor-widget-heading\" data-id=\"0630e70\" data-element_type=\"widget\" data-e-type=\"widget\" data-widget_type=\"heading.default\">\n\t\t\t\t<div class=\"elementor-widget-container\">\n\t\t\t\t\t<h4 class=\"elementor-heading-title elementor-size-default\">Hypnoth\u00e9rapie<\/h4>\t\t\t\t<\/div>\n\t\t\t\t<\/div>\n\t\t\t\t<div class=\"elementor-element elementor-element-fe048af elementor-align-center elementor-widget elementor-widget-button\" data-id=\"fe048af\" data-element_type=\"widget\" data-e-type=\"widget\" data-widget_type=\"button.default\">\n\t\t\t\t<div class=\"elementor-widget-container\">\n\t\t\t\t\t\t\t\t\t<div class=\"elementor-button-wrapper\">\n\t\t\t\t\t<a class=\"elementor-button elementor-size-sm\" role=\"button\">\n\t\t\t\t\t\t<span class=\"elementor-button-content-wrapper\">\n\t\t\t\t\t\t\t\t\t<span class=\"elementor-button-text\">Formation &amp; atelier<\/span>\n\t\t\t\t\t<\/span>\n\t\t\t\t\t<\/a>\n\t\t\t\t<\/div>\n\t\t\t\t\t\t\t\t<\/div>\n\t\t\t\t<\/div>\n\t\t\t\t<div class=\"elementor-element elementor-element-7055422 elementor-widget elementor-widget-text-editor\" data-id=\"7055422\" data-element_type=\"widget\" data-e-type=\"widget\" data-widget_type=\"text-editor.default\">\n\t\t\t\t<div class=\"elementor-widget-container\">\n\t\t\t\t\t\t\t\t\t<p style=\"text-align: center;\">Praticien.ne.s en hypnose, continuez de progresser !<\/p>\t\t\t\t\t\t\t\t<\/div>\n\t\t\t\t<\/div>\n\t\t\t\t\t<\/div>\n\t\t\t\t<\/div>\n\t\t\t\t<\/div>\n\t\t\t\t<\/div>\n\t\t\t\t<\/div>\n\t\t","protected":false},"excerpt":{"rendered":"<p>Un outil de changement Simple et efficace, car orientant l&rsquo;inconscient vers plus d&rsquo;efficacit\u00e9 en lui parlant dans son langage : celui du ressenti et de l&rsquo;imaginaire m\u00e9taphorique, par opposition \u00e0 la froideur du discours rationnel. Ainsi, qui n&rsquo;a pas d\u00e9j\u00e0 essay\u00e9 de changer rationnellement un automatisme&#8230; en vain ?!Force est de constater que ce n&rsquo;est [&hellip;]<\/p>\n","protected":false},"author":1,"featured_media":0,"parent":0,"menu_order":0,"comment_status":"closed","ping_status":"open","template":"","meta":{"footnotes":""},"class_list":["post-154","page","type-page","status-publish","hentry"],"_links":{"self":[{"href":"https:\/\/adrienmoulard.com\/index.php\/wp-json\/wp\/v2\/pages\/154","targetHints":{"allow":["GET"]}}],"collection":[{"href":"https:\/\/adrienmoulard.com\/index.php\/wp-json\/wp\/v2\/pages"}],"about":[{"href":"https:\/\/adrienmoulard.com\/index.php\/wp-json\/wp\/v2\/types\/page"}],"author":[{"embeddable":true,"href":"https:\/\/adrienmoulard.com\/index.php\/wp-json\/wp\/v2\/users\/1"}],"replies":[{"embeddable":true,"href":"https:\/\/adrienmoulard.com\/index.php\/wp-json\/wp\/v2\/comments?post=154"}],"version-history":[{"count":277,"href":"https:\/\/adrienmoulard.com\/index.php\/wp-json\/wp\/v2\/pages\/154\/revisions"}],"predecessor-version":[{"id":1473,"href":"https:\/\/adrienmoulard.com\/index.php\/wp-json\/wp\/v2\/pages\/154\/revisions\/1473"}],"wp:attachment":[{"href":"https:\/\/adrienmoulard.com\/index.php\/wp-json\/wp\/v2\/media?parent=154"}],"curies":[{"name":"wp","href":"https:\/\/api.w.org\/{rel}","templated":true}]}}